{"id":12121,"date":"2020-08-18T13:24:27","date_gmt":"2020-08-18T11:24:27","guid":{"rendered":"https:\/\/codeandtravels.com\/moje-loty\/"},"modified":"2020-08-18T13:27:54","modified_gmt":"2020-08-18T11:27:54","slug":"flights-history","status":"publish","type":"page","link":"https:\/\/codeandtravels.com\/en\/flights-history\/","title":{"rendered":"Flight History"},"content":{"rendered":"\n<h2 class=\"wp-block-heading\">Flight History<\/h2>\n\n\n\n<p>I monitor my every flight from the very beginning. You can see my map of connections at: <a href=\"https:\/\/my.flightradar24.com\/Neufrin\" target=\"_blank\" rel=\"noreferrer noopener nofollow\">https:\/\/my.flightradar24.com\/Neufrin<\/a><\/p>\n\n\n\n<div><iframe loading=\"lazy\" src=\"https:\/\/my.flightradar24.com\/Neufrin\" width=\"100%\" height=\"700px\"><\/iframe><\/div>\n\n\n\n<p><\/p>\n","protected":false},"excerpt":{"rendered":"<p>Flight History I monitor my every flight from the very beginning. You can see my map of connections at: https:\/\/my.flightradar24.com\/Neufrin<\/p>\n","protected":false},"author":2,"featured_media":12113,"parent":0,"menu_order":0,"comment_status":"closed","ping_status":"closed","template":"","meta":{"pgc_sgb_lightbox_settings":"","footnotes":""},"class_list":["post-12121","page","type-page","status-publish","has-post-thumbnail"],"yoast_head":"<!-- This site is optimized with the Yoast SEO plugin v27.1.1 - https:\/\/yoast.com\/product\/yoast-seo-wordpress\/ -->\n<title>Flight History - Code and Travels<\/title>\n<meta name=\"robots\" content=\"index, follow, max-snippet:-1, max-image-preview:large, max-video-preview:-1\" \/>\n<link rel=\"canonical\" href=\"https:\/\/codeandtravels.com\/en\/flights-history\/\" \/>\n<meta property=\"og:locale\" content=\"en_US\" \/>\n<meta property=\"og:type\" content=\"article\" \/>\n<meta property=\"og:title\" content=\"Flight History - Code and Travels\" \/>\n<meta property=\"og:description\" content=\"Flight History I monitor my every flight from the very beginning. You can see my map of connections at: https:\/\/my.flightradar24.com\/Neufrin\" \/>\n<meta property=\"og:url\" content=\"https:\/\/codeandtravels.com\/en\/flights-history\/\" \/>\n<meta property=\"og:site_name\" content=\"Code and Travels\" \/>\n<meta property=\"article:modified_time\" content=\"2020-08-18T11:27:54+00:00\" \/>\n<meta property=\"og:image\" content=\"https:\/\/i2.wp.com\/codeandtravels.com\/wp-content\/uploads\/2020\/08\/Loty.png?fit=1901%2C833&ssl=1\" \/>\n\t<meta property=\"og:image:width\" content=\"1901\" \/>\n\t<meta property=\"og:image:height\" content=\"833\" \/>\n\t<meta property=\"og:image:type\" content=\"image\/png\" \/>\n<script type=\"application\/ld+json\" class=\"yoast-schema-graph\">{\"@context\":\"https:\/\/schema.org\",\"@graph\":[{\"@type\":\"WebPage\",\"@id\":\"https:\/\/codeandtravels.com\/en\/flights-history\/\",\"url\":\"https:\/\/codeandtravels.com\/en\/flights-history\/\",\"name\":\"Flight History - Code and Travels\",\"isPartOf\":{\"@id\":\"https:\/\/codeandtravels.com\/en\/#website\"},\"primaryImageOfPage\":{\"@id\":\"https:\/\/codeandtravels.com\/en\/flights-history\/#primaryimage\"},\"image\":{\"@id\":\"https:\/\/codeandtravels.com\/en\/flights-history\/#primaryimage\"},\"thumbnailUrl\":\"https:\/\/codeandtravels.com\/wp-content\/uploads\/2020\/08\/Loty.png\",\"datePublished\":\"2020-08-18T11:24:27+00:00\",\"dateModified\":\"2020-08-18T11:27:54+00:00\",\"breadcrumb\":{\"@id\":\"https:\/\/codeandtravels.com\/en\/flights-history\/#breadcrumb\"},\"inLanguage\":\"en-US\",\"potentialAction\":[{\"@type\":\"ReadAction\",\"target\":[\"https:\/\/codeandtravels.com\/en\/flights-history\/\"]}]},{\"@type\":\"ImageObject\",\"inLanguage\":\"en-US\",\"@id\":\"https:\/\/codeandtravels.com\/en\/flights-history\/#primaryimage\",\"url\":\"https:\/\/codeandtravels.com\/wp-content\/uploads\/2020\/08\/Loty.png\",\"contentUrl\":\"https:\/\/codeandtravels.com\/wp-content\/uploads\/2020\/08\/Loty.png\",\"width\":1901,\"height\":833},{\"@type\":\"BreadcrumbList\",\"@id\":\"https:\/\/codeandtravels.com\/en\/flights-history\/#breadcrumb\",\"itemListElement\":[{\"@type\":\"ListItem\",\"position\":1,\"name\":\"Home\",\"item\":\"https:\/\/codeandtravels.com\/en\/\"},{\"@type\":\"ListItem\",\"position\":2,\"name\":\"Flight History\"}]},{\"@type\":\"WebSite\",\"@id\":\"https:\/\/codeandtravels.com\/en\/#website\",\"url\":\"https:\/\/codeandtravels.com\/en\/\",\"name\":\"Code and Travels\",\"description\":\"\u0141ukasz \u015awiderski - Code and Travels \",\"publisher\":{\"@id\":\"https:\/\/codeandtravels.com\/en\/#\/schema\/person\/f2209ff6fd322a6e669115033307a15e\"},\"potentialAction\":[{\"@type\":\"SearchAction\",\"target\":{\"@type\":\"EntryPoint\",\"urlTemplate\":\"https:\/\/codeandtravels.com\/en\/?s={search_term_string}\"},\"query-input\":{\"@type\":\"PropertyValueSpecification\",\"valueRequired\":true,\"valueName\":\"search_term_string\"}}],\"inLanguage\":\"en-US\"},{\"@type\":[\"Person\",\"Organization\"],\"@id\":\"https:\/\/codeandtravels.com\/en\/#\/schema\/person\/f2209ff6fd322a6e669115033307a15e\",\"name\":\"Lukasz Swiderski\",\"image\":{\"@type\":\"ImageObject\",\"inLanguage\":\"en-US\",\"@id\":\"https:\/\/codeandtravels.com\/en\/#\/schema\/person\/image\/\",\"url\":\"https:\/\/secure.gravatar.com\/avatar\/b1723c044afece7ef0c58de76f9663f6c242f83950d396c54b950861b734c476?s=96&d=mm&r=g\",\"contentUrl\":\"https:\/\/secure.gravatar.com\/avatar\/b1723c044afece7ef0c58de76f9663f6c242f83950d396c54b950861b734c476?s=96&d=mm&r=g\",\"caption\":\"Lukasz Swiderski\"},\"logo\":{\"@id\":\"https:\/\/codeandtravels.com\/en\/#\/schema\/person\/image\/\"},\"description\":\"Cze\u015b\u0107, nazywam si\u0119 \u0141ukasz i tworz\u0119 ten Blog Podr\u00f3\u017cniczy. Jest mi niezwykle mi\u0142o Ci\u0119 go\u015bci\u0107. Jestem Cyfrowym Nomadem (Digital Nomad) czyli programist\u0105 i podr\u00f3\u017cnikiem w jednym. M\u00f3j zaw\u00f3d pozwala mi pojecha\u0107 na drugi koniec \u015bwiata i na co dzie\u0144 tworzy\u0107 soft jako Full stack .NET Developer, a w weekend odwiedza\u0107 nowe miejsca i kraje. Mam nadziej\u0119, \u017ce spodoba Ci si\u0119 to co tutaj robi\u0119 i b\u0119dzie to przydatne. Po wi\u0119cej informacji zapraszam do zak\u0142adki \\\"O mnie\\\".\",\"sameAs\":[\"https:\/\/swiderski.xyz\"]}]}<\/script>\n<!-- \/ Yoast SEO plugin. -->","yoast_head_json":{"title":"Flight History - Code and Travels","robots":{"index":"index","follow":"follow","max-snippet":"max-snippet:-1","max-image-preview":"max-image-preview:large","max-video-preview":"max-video-preview:-1"},"canonical":"https:\/\/codeandtravels.com\/en\/flights-history\/","og_locale":"en_US","og_type":"article","og_title":"Flight History - Code and Travels","og_description":"Flight History I monitor my every flight from the very beginning. You can see my map of connections at: https:\/\/my.flightradar24.com\/Neufrin","og_url":"https:\/\/codeandtravels.com\/en\/flights-history\/","og_site_name":"Code and Travels","article_modified_time":"2020-08-18T11:27:54+00:00","og_image":[{"width":1901,"height":833,"url":"https:\/\/i2.wp.com\/codeandtravels.com\/wp-content\/uploads\/2020\/08\/Loty.png?fit=1901%2C833&ssl=1","type":"image\/png"}],"schema":{"@context":"https:\/\/schema.org","@graph":[{"@type":"WebPage","@id":"https:\/\/codeandtravels.com\/en\/flights-history\/","url":"https:\/\/codeandtravels.com\/en\/flights-history\/","name":"Flight History - Code and Travels","isPartOf":{"@id":"https:\/\/codeandtravels.com\/en\/#website"},"primaryImageOfPage":{"@id":"https:\/\/codeandtravels.com\/en\/flights-history\/#primaryimage"},"image":{"@id":"https:\/\/codeandtravels.com\/en\/flights-history\/#primaryimage"},"thumbnailUrl":"https:\/\/codeandtravels.com\/wp-content\/uploads\/2020\/08\/Loty.png","datePublished":"2020-08-18T11:24:27+00:00","dateModified":"2020-08-18T11:27:54+00:00","breadcrumb":{"@id":"https:\/\/codeandtravels.com\/en\/flights-history\/#breadcrumb"},"inLanguage":"en-US","potentialAction":[{"@type":"ReadAction","target":["https:\/\/codeandtravels.com\/en\/flights-history\/"]}]},{"@type":"ImageObject","inLanguage":"en-US","@id":"https:\/\/codeandtravels.com\/en\/flights-history\/#primaryimage","url":"https:\/\/codeandtravels.com\/wp-content\/uploads\/2020\/08\/Loty.png","contentUrl":"https:\/\/codeandtravels.com\/wp-content\/uploads\/2020\/08\/Loty.png","width":1901,"height":833},{"@type":"BreadcrumbList","@id":"https:\/\/codeandtravels.com\/en\/flights-history\/#breadcrumb","itemListElement":[{"@type":"ListItem","position":1,"name":"Home","item":"https:\/\/codeandtravels.com\/en\/"},{"@type":"ListItem","position":2,"name":"Flight History"}]},{"@type":"WebSite","@id":"https:\/\/codeandtravels.com\/en\/#website","url":"https:\/\/codeandtravels.com\/en\/","name":"Code and Travels","description":"\u0141ukasz \u015awiderski - Code and Travels ","publisher":{"@id":"https:\/\/codeandtravels.com\/en\/#\/schema\/person\/f2209ff6fd322a6e669115033307a15e"},"potentialAction":[{"@type":"SearchAction","target":{"@type":"EntryPoint","urlTemplate":"https:\/\/codeandtravels.com\/en\/?s={search_term_string}"},"query-input":{"@type":"PropertyValueSpecification","valueRequired":true,"valueName":"search_term_string"}}],"inLanguage":"en-US"},{"@type":["Person","Organization"],"@id":"https:\/\/codeandtravels.com\/en\/#\/schema\/person\/f2209ff6fd322a6e669115033307a15e","name":"Lukasz Swiderski","image":{"@type":"ImageObject","inLanguage":"en-US","@id":"https:\/\/codeandtravels.com\/en\/#\/schema\/person\/image\/","url":"https:\/\/secure.gravatar.com\/avatar\/b1723c044afece7ef0c58de76f9663f6c242f83950d396c54b950861b734c476?s=96&d=mm&r=g","contentUrl":"https:\/\/secure.gravatar.com\/avatar\/b1723c044afece7ef0c58de76f9663f6c242f83950d396c54b950861b734c476?s=96&d=mm&r=g","caption":"Lukasz Swiderski"},"logo":{"@id":"https:\/\/codeandtravels.com\/en\/#\/schema\/person\/image\/"},"description":"Cze\u015b\u0107, nazywam si\u0119 \u0141ukasz i tworz\u0119 ten Blog Podr\u00f3\u017cniczy. Jest mi niezwykle mi\u0142o Ci\u0119 go\u015bci\u0107. Jestem Cyfrowym Nomadem (Digital Nomad) czyli programist\u0105 i podr\u00f3\u017cnikiem w jednym. M\u00f3j zaw\u00f3d pozwala mi pojecha\u0107 na drugi koniec \u015bwiata i na co dzie\u0144 tworzy\u0107 soft jako Full stack .NET Developer, a w weekend odwiedza\u0107 nowe miejsca i kraje. Mam nadziej\u0119, \u017ce spodoba Ci si\u0119 to co tutaj robi\u0119 i b\u0119dzie to przydatne. Po wi\u0119cej informacji zapraszam do zak\u0142adki \"O mnie\".","sameAs":["https:\/\/swiderski.xyz"]}]}},"jetpack_sharing_enabled":true,"jetpack_shortlink":"https:\/\/wp.me\/P9OmOg-39v","amp_enabled":true,"_links":{"self":[{"href":"https:\/\/codeandtravels.com\/en\/wp-json\/wp\/v2\/pages\/12121","targetHints":{"allow":["GET"]}}],"collection":[{"href":"https:\/\/codeandtravels.com\/en\/wp-json\/wp\/v2\/pages"}],"about":[{"href":"https:\/\/codeandtravels.com\/en\/wp-json\/wp\/v2\/types\/page"}],"author":[{"embeddable":true,"href":"https:\/\/codeandtravels.com\/en\/wp-json\/wp\/v2\/users\/2"}],"replies":[{"embeddable":true,"href":"https:\/\/codeandtravels.com\/en\/wp-json\/wp\/v2\/comments?post=12121"}],"version-history":[{"count":1,"href":"https:\/\/codeandtravels.com\/en\/wp-json\/wp\/v2\/pages\/12121\/revisions"}],"predecessor-version":[{"id":12122,"href":"https:\/\/codeandtravels.com\/en\/wp-json\/wp\/v2\/pages\/12121\/revisions\/12122"}],"wp:featuredmedia":[{"embeddable":true,"href":"https:\/\/codeandtravels.com\/en\/wp-json\/wp\/v2\/media\/12113"}],"wp:attachment":[{"href":"https:\/\/codeandtravels.com\/en\/wp-json\/wp\/v2\/media?parent=12121"}],"curies":[{"name":"wp","href":"https:\/\/api.w.org\/{rel}","templated":true}]}}