{"id":12063,"date":"2012-08-03T09:39:23","date_gmt":"2012-08-03T09:39:23","guid":{"rendered":"https:\/\/codeandtravels.com\/about\/"},"modified":"2020-08-15T19:24:18","modified_gmt":"2020-08-15T17:24:18","slug":"about","status":"publish","type":"page","link":"https:\/\/codeandtravels.com\/en\/about\/","title":{"rendered":"About Me"},"content":{"rendered":"<p><a class=\"single_photoswipe\" href=\"https:\/\/codeandtravels.com\/wp-content\/uploads\/2018\/01\/25531884_1532803906767958_7019111908780443638_o.jpg\" data-size=\"2048x1409\"><img loading=\"lazy\" decoding=\"async\" class=\"aligncenter wp-image-1456 size-large\" src=\"https:\/\/codeandtravels.com\/wp-content\/uploads\/2018\/01\/25531884_1532803906767958_7019111908780443638_o-1488x1024.jpg\" alt=\"\" width=\"697\" height=\"480\" srcset=\"https:\/\/codeandtravels.com\/wp-content\/uploads\/2018\/01\/25531884_1532803906767958_7019111908780443638_o-1488x1024.jpg 1488w, https:\/\/codeandtravels.com\/wp-content\/uploads\/2018\/01\/25531884_1532803906767958_7019111908780443638_o-300x206.jpg 300w, https:\/\/codeandtravels.com\/wp-content\/uploads\/2018\/01\/25531884_1532803906767958_7019111908780443638_o-768x528.jpg 768w, https:\/\/codeandtravels.com\/wp-content\/uploads\/2018\/01\/25531884_1532803906767958_7019111908780443638_o-1536x1057.jpg 1536w, https:\/\/codeandtravels.com\/wp-content\/uploads\/2018\/01\/25531884_1532803906767958_7019111908780443638_o-175x120.jpg 175w, https:\/\/codeandtravels.com\/wp-content\/uploads\/2018\/01\/25531884_1532803906767958_7019111908780443638_o-450x310.jpg 450w, https:\/\/codeandtravels.com\/wp-content\/uploads\/2018\/01\/25531884_1532803906767958_7019111908780443638_o-1170x805.jpg 1170w, https:\/\/codeandtravels.com\/wp-content\/uploads\/2018\/01\/25531884_1532803906767958_7019111908780443638_o-870x600.jpg 870w, https:\/\/codeandtravels.com\/wp-content\/uploads\/2018\/01\/25531884_1532803906767958_7019111908780443638_o-750x516.jpg 750w, https:\/\/codeandtravels.com\/wp-content\/uploads\/2018\/01\/25531884_1532803906767958_7019111908780443638_o-400x275.jpg 400w, https:\/\/codeandtravels.com\/wp-content\/uploads\/2018\/01\/25531884_1532803906767958_7019111908780443638_o.jpg 2048w\" sizes=\"auto, (max-width: 697px) 100vw, 697px\" \/><\/a><span style=\"font-size: inherit; text-align: justify;\">Hi! I am <strong>\u0141ukasz<\/strong> &#8211; Programmer and Traveler. I was born and raised in Bia\u0142ystok, in north-eastern Poland. I graduated from the Bia\u0142ystok University of Technology in the field of Computer Science with the title of Engineer. I participated twice in the Erasmus student exchange program at the Universidade da Beira Interior in Portugal, where I spent a total of one and a half years, also Portuguese culture is no stranger to me. Currently I am a programmer, namely FullStack .Net Developer. In autumn 2017 I tried Digital Nomading for 2 months &#8211; I lived and worked in Thailand, mainly in Bangkok. In the second half of 2019, I went on a trip around the world &#8211; of course with a laptop \ud83d\ude42<\/span><\/p>\n<p>I treat this blog as a kind of diary of my journeys and photo album. I also save useful information here when traveling. It is not my main source of income. Nobody pays me for travel or recommendations. I placed Google AdWords ads on the website so that the website would maintain itself. I hope that the knowledge contained here will also be useful to other people.<\/p>\n<figure id=\"attachment_1796\" aria-describedby=\"caption-attachment-1796\" style=\"width: 770px\" class=\"wp-caption aligncenter\"><a href=\"https:\/\/codeandtravels.com\/wp-content\/uploads\/2018\/04\/beachhub.jpg\"><img loading=\"lazy\" decoding=\"async\" class=\"wp-image-1796 size-large\" src=\"https:\/\/codeandtravels.com\/wp-content\/uploads\/2018\/04\/beachhub-1450x1024.jpg\" alt=\"\" width=\"770\" height=\"544\" srcset=\"https:\/\/codeandtravels.com\/wp-content\/uploads\/2018\/04\/beachhub-1450x1024.jpg 1450w, https:\/\/codeandtravels.com\/wp-content\/uploads\/2018\/04\/beachhub-300x212.jpg 300w, https:\/\/codeandtravels.com\/wp-content\/uploads\/2018\/04\/beachhub-768x542.jpg 768w, https:\/\/codeandtravels.com\/wp-content\/uploads\/2018\/04\/beachhub-1536x1085.jpg 1536w, https:\/\/codeandtravels.com\/wp-content\/uploads\/2018\/04\/beachhub-175x124.jpg 175w, https:\/\/codeandtravels.com\/wp-content\/uploads\/2018\/04\/beachhub-450x318.jpg 450w, https:\/\/codeandtravels.com\/wp-content\/uploads\/2018\/04\/beachhub-1170x826.jpg 1170w, https:\/\/codeandtravels.com\/wp-content\/uploads\/2018\/04\/beachhub.jpg 2048w\" sizes=\"auto, (max-width: 770px) 100vw, 770px\" \/><\/a><figcaption id=\"caption-attachment-1796\" class=\"wp-caption-text\">beachhub &#8211; Koh Phangan, Thailand<\/figcaption><\/figure>\n<h2>Travels<\/h2>\n<p style=\"text-align: justify;\">Traveling is my next great passion. From an early age, my parents took me on trips around Poland. Now I travel alone or with friends. I studied twice in Portugal, which was also a great opportunity to get to know another country. I also lived in Bangkok, which was my base for weekend trips to neighboring countries. I always try to bring the best photos from the places I have visited, even though I am just a photography enthusiast. In some places I also find small boxes that are part of a game called GeoCaching..<\/p>\n<p>You can follow the list of my travels on instagram profiles:<\/p>\n<ul>\n<li><strong><a href=\"https:\/\/www.instagram.com\/codeandtravels\/\">@CodeAndTravels<\/a><\/strong> &#8211; profile created for this blog, where entries related to it appear<\/li>\n<li><strong><a href=\"https:\/\/www.instagram.com\/luke_swiderski\/\">@luke_swiderski<\/a> <\/strong>&#8211; my private profile<\/li>\n<\/ul>\n<p>And in various applications:<\/p>\n<ul>\n<li>PolarSteps &#8211; <strong><a href=\"https:\/\/www.polarsteps.com\/LukaszSwiderski\">https:\/\/www.polarsteps.com\/LukaszSwiderski<\/a><\/strong><\/li>\n<li>FlightRadar &#8211; <strong><a href=\"https:\/\/my.flightradar24.com\/Neufrin\">https:\/\/my.flightradar24.com\/Neufrin<\/a><\/strong><\/li>\n<\/ul>\n<h2>Professional life<\/h2>\n<p style=\"text-align: justify;\">I&#8217;m a programmer because I&#8217;ve always wanted to do more than just use. As a child, I was wondering how the games on my console &#8211; Playstation 1. At that time, I did not have access to the Internet, or even my own computer, but later, when I was a teenager, I modded the servers of the then popular online game servers. I have learned more differently how to influence games with real-time cheats, which I also made myself. This is how I learned how games work. During my studies, I attended various gamedev conferences, such as: WGK in Gda\u0144sk or ZTG in Pozna\u0144, and I participated in Game Jamach: Krak Jam 2015 and BialJam &#8211; whose first edition I helped to create.<\/p>\n<div class=\"tlid-results-container results-container\">\n<div class=\"tlid-result result-dict-wrapper\">\n<div class=\"result tlid-copy-target\">\n<div class=\"text-wrap tlid-copy-target\">\n<div class=\"result-shield-container tlid-copy-target\" tabindex=\"0\"><span class=\"tlid-translation translation\" lang=\"en\"><span class=\"\" title=\"\">I am currently working as a Full Stack developer in C # .NET and in my spare time I am trying to expand my knowledge.<\/span><\/span><\/div>\n<\/div>\n<\/div>\n<\/div>\n<\/div>\n<p style=\"text-align: justify;\">I have had contact with:<\/p>\n<p style=\"text-align: justify;\"><span class=\"label label-primary\">C#<\/span> <span class=\"label label-primary\">MVC<\/span> <span class=\"label label-primary\">WPF<\/span> <span class=\"label label-primary\">XAML<\/span> <span class=\"label label-primary\">HTML<\/span> <span class=\"label label-primary\">CSS<\/span> <span class=\"label label-primary\">Javascript<\/span> <span class=\"label label-primary\">jQuery<\/span> <span class=\"label label-primary\">RWD<\/span> <span class=\"label label-primary\">WordPress<\/span> <span class=\"label label-primary\">SFML library<\/span> <span class=\"label label-primary\">XNA\/MONOGAME<\/span> <span class=\"label label-primary\">UNITY 3D<\/span> <span class=\"label label-primary\">Leap Motion Controller<\/span> <span class=\"label label-primary\">Legacy OpenGL<\/span><\/p>\n<p style=\"text-align: justify;\">As I am interested in gamedev, I must also be a player, not as keen as in the past, but I like to play co-op with my friends from time to time.<\/p>\n<figure id=\"attachment_1797\" aria-describedby=\"caption-attachment-1797\" style=\"width: 960px\" class=\"wp-caption aligncenter\"><a href=\"https:\/\/codeandtravels.com\/wp-content\/uploads\/2018\/04\/krakjam.jpg\"><img loading=\"lazy\" decoding=\"async\" class=\"size-full wp-image-8161\" src=\"https:\/\/codeandtravels.com\/wp-content\/uploads\/2018\/04\/krakjam.jpg\" alt=\"\" width=\"960\" height=\"638\" srcset=\"https:\/\/codeandtravels.com\/wp-content\/uploads\/2018\/04\/krakjam.jpg 960w, https:\/\/codeandtravels.com\/wp-content\/uploads\/2018\/04\/krakjam-300x199.jpg 300w, https:\/\/codeandtravels.com\/wp-content\/uploads\/2018\/04\/krakjam-768x510.jpg 768w, https:\/\/codeandtravels.com\/wp-content\/uploads\/2018\/04\/krakjam-175x116.jpg 175w, https:\/\/codeandtravels.com\/wp-content\/uploads\/2018\/04\/krakjam-450x299.jpg 450w, https:\/\/codeandtravels.com\/wp-content\/uploads\/2018\/04\/krakjam-270x180.jpg 270w\" sizes=\"auto, (max-width: 960px) 100vw, 960px\" \/><\/a><figcaption id=\"caption-attachment-1797\" class=\"wp-caption-text\">Krak Jam 2015<\/figcaption><\/figure>\n<h2>Contact<\/h2>\n<p>you can contact me via:<\/p>\n<ul>\n<li>mail &#8211; <strong><a href=\"mailto:lukasz@codeandtravels.com\">lukasz[at]codeandtravels.com<\/a><\/strong><\/li>\n<li>twitter:\u00a0<strong><a href=\"https:\/\/twitter.com\/L_Swiderski\">@L_Swiderski<\/a><\/strong><\/li>\n<li>facebook prywatny: <strong><a href=\"https:\/\/www.fb.com\/lukasz.swiderski1\">lukasz.swiderski1<\/a><\/strong><\/li>\n<li>facebook bloga:\u00a0<strong><a href=\"https:\/\/www.facebook.com\/CodeAndTravels\/\">https:\/\/www.facebook.com\/CodeAndTravels\/<\/a><\/strong><\/li>\n<li>linkedin:\u00a0<strong><a href=\"http:\/\/www.linkedin.com\/in\/lswiderski\" target=\"_blank\" rel=\"noopener noreferrer\">lswiderski<\/a><\/strong><\/li>\n<\/ul>\n<h2>Experience<\/h2>\n<p><iframe loading=\"lazy\" src=\"https:\/\/cdn.knightlab.com\/libs\/timeline3\/latest\/embed\/index.html?source=11CH_uR4a3kpt399vQGGDpuund4mlEdnaJlsRFTE0xtI&amp;font=Default&amp;lang=en&amp;start_at_end=true&amp;hash_bookmark=true&amp;initial_zoom=0&amp;height=650\" width=\"100%\" height=\"650\" frameborder=\"0\"><\/iframe><\/p>\n<h2>Education<\/h2>\n<p><iframe loading=\"lazy\" src=\"https:\/\/cdn.knightlab.com\/libs\/timeline3\/latest\/embed\/index.html?source=1akQRlnEGM45S8lTc97jmI1kne64mnvjeIJezPwLOusU&amp;font=Default&amp;lang=en&amp;start_at_end=true&amp;hash_bookmark=true&amp;initial_zoom=0&amp;height=650\" width=\"100%\" height=\"650\" frameborder=\"0\"><\/iframe><\/p>\n<div class=\"novo-map-container\" style=\"width: 100%; height: 300px\">\n    <div id=\"TravelsAlUBMYABaf\" style=\"width:100%; height:100%\"><\/div>\n<\/div>\n","protected":false},"excerpt":{"rendered":"<p>Hi! I am \u0141ukasz &#8211; Programmer and Traveler. I was born and raised in Bia\u0142ystok, in north-eastern Poland. I graduated from the Bia\u0142ystok University of Technology in the field of Computer Science with the title of Engineer. I participated twice in the Erasmus student exchange program at the Universidade da Beira Interior in Portugal, where<\/p>\n","protected":false},"author":1,"featured_media":0,"parent":0,"menu_order":0,"comment_status":"closed","ping_status":"open","template":"","meta":{"pgc_sgb_lightbox_settings":"","footnotes":""},"class_list":["post-12063","page","type-page","status-publish"],"yoast_head":"<!-- This site is optimized with the Yoast SEO plugin v27.1.1 - https:\/\/yoast.com\/product\/yoast-seo-wordpress\/ -->\n<title>About Me - Code and Travels<\/title>\n<meta name=\"robots\" content=\"index, follow, max-snippet:-1, max-image-preview:large, max-video-preview:-1\" \/>\n<link rel=\"canonical\" href=\"https:\/\/codeandtravels.com\/en\/about\/\" \/>\n<meta property=\"og:locale\" content=\"en_US\" \/>\n<meta property=\"og:type\" content=\"article\" \/>\n<meta property=\"og:title\" content=\"About Me - Code and Travels\" \/>\n<meta property=\"og:description\" content=\"Hi! I am \u0141ukasz &#8211; Programmer and Traveler. I was born and raised in Bia\u0142ystok, in north-eastern Poland. I graduated from the Bia\u0142ystok University of Technology in the field of Computer Science with the title of Engineer. I participated twice in the Erasmus student exchange program at the Universidade da Beira Interior in Portugal, where\" \/>\n<meta property=\"og:url\" content=\"https:\/\/codeandtravels.com\/en\/about\/\" \/>\n<meta property=\"og:site_name\" content=\"Code and Travels\" \/>\n<meta property=\"article:modified_time\" content=\"2020-08-15T17:24:18+00:00\" \/>\n<meta property=\"og:image\" content=\"https:\/\/codeandtravels.com\/wp-content\/uploads\/2018\/01\/25531884_1532803906767958_7019111908780443638_o-1488x1024.jpg\" \/>\n<meta name=\"twitter:label1\" content=\"Est. reading time\" \/>\n\t<meta name=\"twitter:data1\" content=\"3 minutes\" \/>\n<script type=\"application\/ld+json\" class=\"yoast-schema-graph\">{\"@context\":\"https:\/\/schema.org\",\"@graph\":[{\"@type\":\"WebPage\",\"@id\":\"https:\/\/codeandtravels.com\/en\/about\/\",\"url\":\"https:\/\/codeandtravels.com\/en\/about\/\",\"name\":\"About Me - Code and Travels\",\"isPartOf\":{\"@id\":\"https:\/\/codeandtravels.com\/en\/#website\"},\"primaryImageOfPage\":{\"@id\":\"https:\/\/codeandtravels.com\/en\/about\/#primaryimage\"},\"image\":{\"@id\":\"https:\/\/codeandtravels.com\/en\/about\/#primaryimage\"},\"thumbnailUrl\":\"https:\/\/codeandtravels.com\/wp-content\/uploads\/2018\/01\/25531884_1532803906767958_7019111908780443638_o-1488x1024.jpg\",\"datePublished\":\"2012-08-03T09:39:23+00:00\",\"dateModified\":\"2020-08-15T17:24:18+00:00\",\"breadcrumb\":{\"@id\":\"https:\/\/codeandtravels.com\/en\/about\/#breadcrumb\"},\"inLanguage\":\"en-US\",\"potentialAction\":[{\"@type\":\"ReadAction\",\"target\":[\"https:\/\/codeandtravels.com\/en\/about\/\"]}]},{\"@type\":\"ImageObject\",\"inLanguage\":\"en-US\",\"@id\":\"https:\/\/codeandtravels.com\/en\/about\/#primaryimage\",\"url\":\"https:\/\/codeandtravels.com\/wp-content\/uploads\/2018\/01\/25531884_1532803906767958_7019111908780443638_o-1488x1024.jpg\",\"contentUrl\":\"https:\/\/codeandtravels.com\/wp-content\/uploads\/2018\/01\/25531884_1532803906767958_7019111908780443638_o-1488x1024.jpg\"},{\"@type\":\"BreadcrumbList\",\"@id\":\"https:\/\/codeandtravels.com\/en\/about\/#breadcrumb\",\"itemListElement\":[{\"@type\":\"ListItem\",\"position\":1,\"name\":\"Home\",\"item\":\"https:\/\/codeandtravels.com\/en\/\"},{\"@type\":\"ListItem\",\"position\":2,\"name\":\"About Me\"}]},{\"@type\":\"WebSite\",\"@id\":\"https:\/\/codeandtravels.com\/en\/#website\",\"url\":\"https:\/\/codeandtravels.com\/en\/\",\"name\":\"Code and Travels\",\"description\":\"\u0141ukasz \u015awiderski - Code and Travels \",\"publisher\":{\"@id\":\"https:\/\/codeandtravels.com\/en\/#\/schema\/person\/f2209ff6fd322a6e669115033307a15e\"},\"potentialAction\":[{\"@type\":\"SearchAction\",\"target\":{\"@type\":\"EntryPoint\",\"urlTemplate\":\"https:\/\/codeandtravels.com\/en\/?s={search_term_string}\"},\"query-input\":{\"@type\":\"PropertyValueSpecification\",\"valueRequired\":true,\"valueName\":\"search_term_string\"}}],\"inLanguage\":\"en-US\"},{\"@type\":[\"Person\",\"Organization\"],\"@id\":\"https:\/\/codeandtravels.com\/en\/#\/schema\/person\/f2209ff6fd322a6e669115033307a15e\",\"name\":\"Lukasz Swiderski\",\"image\":{\"@type\":\"ImageObject\",\"inLanguage\":\"en-US\",\"@id\":\"https:\/\/codeandtravels.com\/en\/#\/schema\/person\/image\/\",\"url\":\"https:\/\/secure.gravatar.com\/avatar\/b1723c044afece7ef0c58de76f9663f6c242f83950d396c54b950861b734c476?s=96&d=mm&r=g\",\"contentUrl\":\"https:\/\/secure.gravatar.com\/avatar\/b1723c044afece7ef0c58de76f9663f6c242f83950d396c54b950861b734c476?s=96&d=mm&r=g\",\"caption\":\"Lukasz Swiderski\"},\"logo\":{\"@id\":\"https:\/\/codeandtravels.com\/en\/#\/schema\/person\/image\/\"},\"description\":\"Cze\u015b\u0107, nazywam si\u0119 \u0141ukasz i tworz\u0119 ten Blog Podr\u00f3\u017cniczy. Jest mi niezwykle mi\u0142o Ci\u0119 go\u015bci\u0107. Jestem Cyfrowym Nomadem (Digital Nomad) czyli programist\u0105 i podr\u00f3\u017cnikiem w jednym. M\u00f3j zaw\u00f3d pozwala mi pojecha\u0107 na drugi koniec \u015bwiata i na co dzie\u0144 tworzy\u0107 soft jako Full stack .NET Developer, a w weekend odwiedza\u0107 nowe miejsca i kraje. Mam nadziej\u0119, \u017ce spodoba Ci si\u0119 to co tutaj robi\u0119 i b\u0119dzie to przydatne. Po wi\u0119cej informacji zapraszam do zak\u0142adki \\\"O mnie\\\".\",\"sameAs\":[\"https:\/\/swiderski.xyz\"]}]}<\/script>\n<!-- \/ Yoast SEO plugin. -->","yoast_head_json":{"title":"About Me - Code and Travels","robots":{"index":"index","follow":"follow","max-snippet":"max-snippet:-1","max-image-preview":"max-image-preview:large","max-video-preview":"max-video-preview:-1"},"canonical":"https:\/\/codeandtravels.com\/en\/about\/","og_locale":"en_US","og_type":"article","og_title":"About Me - Code and Travels","og_description":"Hi! I am \u0141ukasz &#8211; Programmer and Traveler. I was born and raised in Bia\u0142ystok, in north-eastern Poland. I graduated from the Bia\u0142ystok University of Technology in the field of Computer Science with the title of Engineer. I participated twice in the Erasmus student exchange program at the Universidade da Beira Interior in Portugal, where","og_url":"https:\/\/codeandtravels.com\/en\/about\/","og_site_name":"Code and Travels","article_modified_time":"2020-08-15T17:24:18+00:00","og_image":[{"url":"https:\/\/codeandtravels.com\/wp-content\/uploads\/2018\/01\/25531884_1532803906767958_7019111908780443638_o-1488x1024.jpg","type":"","width":"","height":""}],"twitter_misc":{"Est. reading time":"3 minutes"},"schema":{"@context":"https:\/\/schema.org","@graph":[{"@type":"WebPage","@id":"https:\/\/codeandtravels.com\/en\/about\/","url":"https:\/\/codeandtravels.com\/en\/about\/","name":"About Me - Code and Travels","isPartOf":{"@id":"https:\/\/codeandtravels.com\/en\/#website"},"primaryImageOfPage":{"@id":"https:\/\/codeandtravels.com\/en\/about\/#primaryimage"},"image":{"@id":"https:\/\/codeandtravels.com\/en\/about\/#primaryimage"},"thumbnailUrl":"https:\/\/codeandtravels.com\/wp-content\/uploads\/2018\/01\/25531884_1532803906767958_7019111908780443638_o-1488x1024.jpg","datePublished":"2012-08-03T09:39:23+00:00","dateModified":"2020-08-15T17:24:18+00:00","breadcrumb":{"@id":"https:\/\/codeandtravels.com\/en\/about\/#breadcrumb"},"inLanguage":"en-US","potentialAction":[{"@type":"ReadAction","target":["https:\/\/codeandtravels.com\/en\/about\/"]}]},{"@type":"ImageObject","inLanguage":"en-US","@id":"https:\/\/codeandtravels.com\/en\/about\/#primaryimage","url":"https:\/\/codeandtravels.com\/wp-content\/uploads\/2018\/01\/25531884_1532803906767958_7019111908780443638_o-1488x1024.jpg","contentUrl":"https:\/\/codeandtravels.com\/wp-content\/uploads\/2018\/01\/25531884_1532803906767958_7019111908780443638_o-1488x1024.jpg"},{"@type":"BreadcrumbList","@id":"https:\/\/codeandtravels.com\/en\/about\/#breadcrumb","itemListElement":[{"@type":"ListItem","position":1,"name":"Home","item":"https:\/\/codeandtravels.com\/en\/"},{"@type":"ListItem","position":2,"name":"About Me"}]},{"@type":"WebSite","@id":"https:\/\/codeandtravels.com\/en\/#website","url":"https:\/\/codeandtravels.com\/en\/","name":"Code and Travels","description":"\u0141ukasz \u015awiderski - Code and Travels ","publisher":{"@id":"https:\/\/codeandtravels.com\/en\/#\/schema\/person\/f2209ff6fd322a6e669115033307a15e"},"potentialAction":[{"@type":"SearchAction","target":{"@type":"EntryPoint","urlTemplate":"https:\/\/codeandtravels.com\/en\/?s={search_term_string}"},"query-input":{"@type":"PropertyValueSpecification","valueRequired":true,"valueName":"search_term_string"}}],"inLanguage":"en-US"},{"@type":["Person","Organization"],"@id":"https:\/\/codeandtravels.com\/en\/#\/schema\/person\/f2209ff6fd322a6e669115033307a15e","name":"Lukasz Swiderski","image":{"@type":"ImageObject","inLanguage":"en-US","@id":"https:\/\/codeandtravels.com\/en\/#\/schema\/person\/image\/","url":"https:\/\/secure.gravatar.com\/avatar\/b1723c044afece7ef0c58de76f9663f6c242f83950d396c54b950861b734c476?s=96&d=mm&r=g","contentUrl":"https:\/\/secure.gravatar.com\/avatar\/b1723c044afece7ef0c58de76f9663f6c242f83950d396c54b950861b734c476?s=96&d=mm&r=g","caption":"Lukasz Swiderski"},"logo":{"@id":"https:\/\/codeandtravels.com\/en\/#\/schema\/person\/image\/"},"description":"Cze\u015b\u0107, nazywam si\u0119 \u0141ukasz i tworz\u0119 ten Blog Podr\u00f3\u017cniczy. Jest mi niezwykle mi\u0142o Ci\u0119 go\u015bci\u0107. Jestem Cyfrowym Nomadem (Digital Nomad) czyli programist\u0105 i podr\u00f3\u017cnikiem w jednym. M\u00f3j zaw\u00f3d pozwala mi pojecha\u0107 na drugi koniec \u015bwiata i na co dzie\u0144 tworzy\u0107 soft jako Full stack .NET Developer, a w weekend odwiedza\u0107 nowe miejsca i kraje. Mam nadziej\u0119, \u017ce spodoba Ci si\u0119 to co tutaj robi\u0119 i b\u0119dzie to przydatne. Po wi\u0119cej informacji zapraszam do zak\u0142adki \"O mnie\".","sameAs":["https:\/\/swiderski.xyz"]}]}},"jetpack_sharing_enabled":true,"jetpack_shortlink":"https:\/\/wp.me\/P9OmOg-38z","amp_enabled":true,"_links":{"self":[{"href":"https:\/\/codeandtravels.com\/en\/wp-json\/wp\/v2\/pages\/12063","targetHints":{"allow":["GET"]}}],"collection":[{"href":"https:\/\/codeandtravels.com\/en\/wp-json\/wp\/v2\/pages"}],"about":[{"href":"https:\/\/codeandtravels.com\/en\/wp-json\/wp\/v2\/types\/page"}],"author":[{"embeddable":true,"href":"https:\/\/codeandtravels.com\/en\/wp-json\/wp\/v2\/users\/1"}],"replies":[{"embeddable":true,"href":"https:\/\/codeandtravels.com\/en\/wp-json\/wp\/v2\/comments?post=12063"}],"version-history":[{"count":0,"href":"https:\/\/codeandtravels.com\/en\/wp-json\/wp\/v2\/pages\/12063\/revisions"}],"wp:attachment":[{"href":"https:\/\/codeandtravels.com\/en\/wp-json\/wp\/v2\/media?parent=12063"}],"curies":[{"name":"wp","href":"https:\/\/api.w.org\/{rel}","templated":true}]}}